{"id":38,"date":"2021-01-03T08:42:01","date_gmt":"2021-01-03T08:42:01","guid":{"rendered":"https:\/\/legendelet.dk\/?page_id=38"},"modified":"2021-05-30T16:36:10","modified_gmt":"2021-05-30T16:36:10","slug":"hejsa-forside","status":"publish","type":"page","link":"https:\/\/legendelet.dk\/","title":{"rendered":"Kreative arbejdsprocesser og tv\u00e6rfagligt samarbejde"},"content":{"rendered":"\n<p>Man kan finde rundt p\u00e5 denne side, via menuerne \u00f8verst p\u00e5 siden. Hver overskrift, i menuerne indeholder tekst. Du kan ogs\u00e5 via menuerne v\u00e6lge andre undermenuer. For at komme tilbage til forsiden, kan man enten trykke p\u00e5 ikonter med de to &#8220;L&#8217;er&#8221;, eller trykke p\u00e5 &#8220;Hjem&#8221;. P\u00e5 denne side, er der ligeledes links til alle de forskellige sider.<\/p>\n\n\n\n<div class=\"wp-block-group\"><div class=\"wp-block-group__inner-container is-layout-flow wp-block-group-is-layout-flow\">\n<ul class=\"wp-block-list\"><li>Herunder er linksne til de sider, der har med undervisningsforl\u00f8bene at g\u00f8re. Hvordan de er bygget op, og hvorfor jeg har bygget det op efter den skabelon, jeg har valgt:<br><a href=\"https:\/\/legendelet.dk\/index.php\/undervisningsforloeb\/\">Undervisningsforl\u00f8b<\/a>; <a href=\"https:\/\/legendelet.dk\/index.php\/fasten-2\/\">Fasten<\/a>; <a href=\"https:\/\/legendelet.dk\/index.php\/fasteforloebet-musik\/\">Fasteforl\u00f8bet &#8211; musik<\/a>; <a href=\"https:\/\/legendelet.dk\/index.php\/fasteforloebet-kristendom\/\">Fasteforl\u00f8bet &#8211; kristendom<\/a>; <a href=\"https:\/\/legendelet.dk\/index.php\/paaske\/\">P\u00e5sken<\/a>; <a href=\"https:\/\/legendelet.dk\/index.php\/paasken\/forloeb-om-paaskens-maerkedage-musik\/\">P\u00e5skens m\u00e6rkedage &#8211; musik<\/a>; <a href=\"https:\/\/legendelet.dk\/index.php\/undervisningsforloeb\/paaskeforloebet-religion\/\">P\u00e5skens m\u00e6rkedage &#8211; kristendom<\/a>; <a href=\"https:\/\/legendelet.dk\/index.php\/en-temauge-med-transart-i-4-c\/\">En temauge med 4.c<\/a>; <a href=\"https:\/\/legendelet.dk\/index.php\/opbygningen-af-forloebene\/\">Opbygningen af forl\u00f8bene<\/a>; <a href=\"https:\/\/legendelet.dk\/index.php\/refleksion\/\">Refleksion over undervisningsforl\u00f8bene<\/a><\/li><li>Herunder er linksne til hvorfor jeg synes, det er vigtigt at samarbejde, med hvem, jeg har pr\u00f8vet p\u00e5, at f\u00e5 oparbejdet et samarbejde. Noget er lykkes, andet er fortsat i st\u00f8beskeen. Uanset, er alle samarbejdtrelationerne under udvikling:<br><a href=\"https:\/\/legendelet.dk\/index.php\/samarbejde\/\">Samarbejde<\/a>; <a href=\"https:\/\/legendelet.dk\/index.php\/musik-og-kristendom\/\">Musik og kristendom<\/a>; <a href=\"https:\/\/legendelet.dk\/index.php\/kirken\/\">Kirken<\/a>; <a href=\"https:\/\/legendelet.dk\/index.php\/syddansk-musikkonservatorium\/\">Syddansk musikkonservatorium<\/a>; <a href=\"https:\/\/legendelet.dk\/index.php\/musikskolen\/\">Musikskolen<\/a><\/li><li>Til sidst er linksne til hvem jeg er, hvilken slags b\u00f8rn og unge vi har med at g\u00f8re i dag og et ekstra blik p\u00e5 musikfaget og musikl\u00e6reren i grundskolen. Jeg har ogs\u00e5 skrevet om kreativitet, hvor jeg synes man kan finde gode begrundelser for, hvorfor man skal have fokus p\u00e5 kreative arbejdsprocesser med b\u00f8rn. Det er ogs\u00e5 muligt, at l\u00e6se om de udfordringer jer er st\u00f8dt p\u00e5, og den udvikling uddannelsen har sat i gang hos mig:<br><a href=\"https:\/\/legendelet.dk\/index.php\/om\/\">Om<\/a>; <a href=\"https:\/\/legendelet.dk\/index.php\/boern-og-unge\/\">B\u00f8rn og unge<\/a>; <a href=\"https:\/\/legendelet.dk\/index.php\/musiklaereren-og-musikfaget\/\">Musikl\u00e6reren og musikfaget<\/a>; <a href=\"https:\/\/legendelet.dk\/index.php\/kreativitet\/\">Kreativitet<\/a>; <a href=\"https:\/\/legendelet.dk\/index.php\/hvem-er-jeg\/\">Hvem er jeg<\/a>; <a href=\"https:\/\/legendelet.dk\/index.php\/coronaudfordringer-overordnet-reflektion-og-hvad-skal-der-ske-fremadrettet\/\">Coronaudfordringer, overordnet refleksion og hvad skal der ske fremadrettet<\/a>; <a href=\"https:\/\/legendelet.dk\/index.php\/et-overblik-over-mit-studieforloeb\/\">Et overblik over mit studieforl\u00f8b<\/a>; <a href=\"https:\/\/legendelet.dk\/index.php\/litteraturliste\/\">Litteraturliste<\/a><\/li><\/ul>\n<\/div><\/div>\n\n\n\n<p>Udgangspunktet med denne side er, at have fokus p\u00e5 kreative arbejdsprocesser for mellemtrinselever, med mulighed for tv\u00e6rfagligt samarbejde. Lave undervisningsforl\u00f8b, som kan skabe rum for det.<\/p>\n\n\n\n<p>Forl\u00f8bene m\u00e5 gerne skabe mulighed for, at bruge de ressourcer eleverne hver is\u00e6r har, samtidig med, de f\u00e5r \u00f8jnene op for, at de sammen kan mere, end hvis de stod selv.<\/p>\n\n\n\n<p>Under de forskellige menuer \u00f8verst p\u00e5 siden, kan man finde undervisningsforl\u00f8bene, tankerne bag, og det som jeg ser som begrundelser for, at arbejde med kreative arbejdsformer. Samtidig har jeg hele tiden haft lyst til, at \u00e5bne op for et samarbejde med andre faggrupper end lige skolen. Ved at \u00e5bne op og finde andre at samarbejde med, giver det i mine \u00f8jne, st\u00f8rre mulighed for, at skabe rum for det kreative arbejde.<\/p>\n\n\n\n<p>Mit \u00f8nske er, at f\u00e5 skabt mere fokus p\u00e5 processerne og hvad det giver af ny viden og forst\u00e5else, og lade slutproduktet st\u00e5 mere \u00e5bent.<\/p>\n\n\n\n<p>Kreativitet er samarbejde, hvor individueller kompetencer s\u00e6ttes i spil, og min opgave er at f\u00e5 skab s\u00e5 gunstige rammer for eleverne, s\u00e5 de f\u00e5r mulighed for at s\u00e6tte sig selv i spil.<\/p>\n\n\n\n<p>Mit afslutningsproduk bliver et forl\u00f8b, hvor jeg arbejder med transart. Et forl\u00f8b, som gerne skulle vise, hvordan p\u00e5skens m\u00e6rkedage, kan udtrykkes visuelt tilsat et lydbillede. Hvor elevernes egne erfaringer i forhold til fest og gl\u00e6der, svigt og sorg til det uforklarlige, s\u00e6ttes i spil. De har h\u00f8rt fort\u00e6llingerne bag dagene, set p\u00e5 billederne, lyttet til musik, der har nogle af de samme f\u00f8lelser i sig, for her til sidst, selv skabe et musikstykke til et billede. <br>Det interessante bliver, hvor langt eleverne kan tr\u00e6kkes\/skubbes\/vejledes mod det abstrakte. \u00d8nsket er, at de f\u00e5r lavet et \u00e6stetisk kunstnerisk produkt, hvor de efterf\u00f8lgende kan kalde sig komponister, og hvor de har haft en oplevelse af, at det de har lavet var ret fedt.<br>Jeg vil i l\u00f8bet af ugen tilf\u00f8je billeder og videoklip fra dagene p\u00e5 denne side: <a href=\"https:\/\/legendelet.dk\/index.php\/en-temauge-med-transart-i-4-c\/\">En temauge med 4.c<\/a><\/p>\n","protected":false},"excerpt":{"rendered":"<p>Man kan finde rundt p\u00e5 denne side, via menuerne \u00f8verst p\u00e5 siden. Hver overskrift, i menuerne indeholder tekst. Du kan ogs\u00e5 via menuerne v\u00e6lge andre undermenuer. For at komme tilbage til forsiden, kan man enten trykke p\u00e5 ikonter med de to &#8220;L&#8217;er&#8221;, eller trykke p\u00e5 &#8220;Hjem&#8221;. P\u00e5 denne side, er der ligeledes links til alle &hellip; <\/p>\n<p class=\"link-more\"><a href=\"https:\/\/legendelet.dk\/\" class=\"more-link\">Continue reading<span class=\"screen-reader-text\"> &#8220;Kreative arbejdsprocesser og tv\u00e6rfagligt samarbejde&#8221;<\/span><\/a><\/p>\n","protected":false},"author":1,"featured_media":129,"parent":0,"menu_order":0,"comment_status":"closed","ping_status":"closed","template":"","meta":{"footnotes":""},"class_list":["post-38","page","type-page","status-publish","has-post-thumbnail","hentry","entry"],"_links":{"self":[{"href":"https:\/\/legendelet.dk\/index.php\/wp-json\/wp\/v2\/pages\/38","targetHints":{"allow":["GET"]}}],"collection":[{"href":"https:\/\/legendelet.dk\/index.php\/wp-json\/wp\/v2\/pages"}],"about":[{"href":"https:\/\/legendelet.dk\/index.php\/wp-json\/wp\/v2\/types\/page"}],"author":[{"embeddable":true,"href":"https:\/\/legendelet.dk\/index.php\/wp-json\/wp\/v2\/users\/1"}],"replies":[{"embeddable":true,"href":"https:\/\/legendelet.dk\/index.php\/wp-json\/wp\/v2\/comments?post=38"}],"version-history":[{"count":24,"href":"https:\/\/legendelet.dk\/index.php\/wp-json\/wp\/v2\/pages\/38\/revisions"}],"predecessor-version":[{"id":505,"href":"https:\/\/legendelet.dk\/index.php\/wp-json\/wp\/v2\/pages\/38\/revisions\/505"}],"wp:featuredmedia":[{"embeddable":true,"href":"https:\/\/legendelet.dk\/index.php\/wp-json\/wp\/v2\/media\/129"}],"wp:attachment":[{"href":"https:\/\/legendelet.dk\/index.php\/wp-json\/wp\/v2\/media?parent=38"}],"curies":[{"name":"wp","href":"https:\/\/api.w.org\/{rel}","templated":true}]}}